{"id":1054,"date":"2020-02-29T02:22:55","date_gmt":"2020-02-29T01:22:55","guid":{"rendered":"http:\/\/sprich-mit.com\/?page_id=1054"},"modified":"2025-01-16T07:10:23","modified_gmt":"2025-01-16T06:10:23","slug":"german-individual-courses","status":"publish","type":"page","link":"https:\/\/sprich-mit.com\/de\/german-individual-courses\/","title":{"rendered":"Einzelkurse"},"content":{"rendered":"<p><a href=\"https:\/\/sprich-mit.com\/wp-content\/uploads\/2024\/01\/hamburg-2976711_1280.jpg\"><img loading=\"lazy\" decoding=\"async\" class=\"alignnone size-medium wp-image-1935\" src=\"https:\/\/sprich-mit.com\/wp-content\/uploads\/2024\/01\/hamburg-2976711_1280-300x200.jpg\" alt=\"\" width=\"300\" height=\"200\" srcset=\"https:\/\/sprich-mit.com\/wp-content\/uploads\/2024\/01\/hamburg-2976711_1280-300x200.jpg 300w, https:\/\/sprich-mit.com\/wp-content\/uploads\/2024\/01\/hamburg-2976711_1280-1024x682.jpg 1024w, https:\/\/sprich-mit.com\/wp-content\/uploads\/2024\/01\/hamburg-2976711_1280-768x512.jpg 768w, https:\/\/sprich-mit.com\/wp-content\/uploads\/2024\/01\/hamburg-2976711_1280-18x12.jpg 18w, https:\/\/sprich-mit.com\/wp-content\/uploads\/2024\/01\/hamburg-2976711_1280.jpg 1280w\" sizes=\"auto, (max-width: 300px) 100vw, 300px\" \/><\/a><br \/>Indem du Deutsch lernst und anwendest, kannst du eine Br\u00fccke zur Kultur bauen.<br \/><br \/>Du kannst Einzelunterricht sowie einen Kurs f\u00fcr zwei Personen buchen. Wof\u00fcr m\u00f6chtest du dich vorbereiten? <br \/>Der Schwerpunkt und die Themen der Stunden h\u00e4ngt von deinen Zielen ab, die wir in der ersten Stunde sorgf\u00e4ltig festlegen werden. Deine Interessen, Hobbys und deine Art zu lernen werden immer mit einbezogen. Der Kurs wird zu 100 % auf dich zugeschnitten sein.<br \/><br \/>Beispiele:<br \/><br \/>-Pr\u00fcfungsvorbereitung bis C2 (Goethe, Telc und weitere) <br \/>-Verbesserung der Sprechf\u00e4higkeit und Aussprache<br \/>-bessere Berichte f\u00fcr die Arbeit schreiben<br \/>-gute Emails auf Deutsch schreiben<br \/>Pr\u00e4sentationen und Reden auf Deutsch entwerfen und halten<br \/>-gute Telefonate auf Deutsch f\u00fchren <br \/>-Small Talk und Gespr\u00e4che auf Deutsch f\u00fchren<br \/>-eine Fachsprache lernen, z. B. f\u00fcr den Handel oder die Gastronomie <br \/>-R\u00fcckmeldungen \u00fcber das aktuelle Sprachniveau erhalten<br \/>-die deutsche Grammatik besser beherrschen <br \/>-lernen, selbstst\u00e4ndig an Themen zu arbeiten, die du verbessern m\u00f6chtest<\/p>\r\n\r\n\r\n\r\n\r\n\r\n<p>Die Kurse finden online statt. F\u00fcr weitere Informationen und Preise melden Sie sich gerne unter martina@sprich-mit.com.<\/p>\r\n\r\n\r\n\r\n<p>&nbsp;<\/p>","protected":false},"excerpt":{"rendered":"<p>Learning and applying German language, you can build a bridge to the culture. You can book an individual course as well as a one-to-two course. What would you like to prepare for? The focus and topics of the lessons depend on your goals which we will thoroughly determine in the first lesson. Your interests, hobbies &#8230; <a title=\"Einzelkurse\" class=\"read-more\" href=\"https:\/\/sprich-mit.com\/de\/german-individual-courses\/\" aria-label=\"Mehr Informationen \u00fcber Individual Courses\">Weiterlesen<\/a><\/p>","protected":false},"author":1,"featured_media":0,"parent":0,"menu_order":0,"comment_status":"closed","ping_status":"closed","template":"","meta":{"footnotes":""},"class_list":["post-1054","page","type-page","status-publish"],"yoast_head":"<!-- This site is optimized with the Yoast SEO plugin v25.9 - https:\/\/yoast.com\/wordpress\/plugins\/seo\/ -->\n<title>Individual Courses -<\/title>\n<meta name=\"description\" content=\"Deutsch Einzelkurse f\u00fcr Wirtschaft und Beruf und Pr\u00fcfungsvorbereitung. German individual courses for work and business and German Language Exam Preparation. Cours d&#039;allemand individuels pour le travail et les affaires et pr\u00e9paration \u00e0 l&#039;examen de langue allemande.\" \/>\n<meta name=\"robots\" content=\"index, follow, max-snippet:-1, max-image-preview:large, max-video-preview:-1\" \/>\n<link rel=\"canonical\" href=\"https:\/\/sprich-mit.com\/de\/german-individual-courses\/\" \/>\n<meta property=\"og:locale\" content=\"de_DE\" \/>\n<meta property=\"og:type\" content=\"article\" \/>\n<meta property=\"og:title\" content=\"Individual Courses -\" \/>\n<meta property=\"og:description\" content=\"Deutsch Einzelkurse f\u00fcr Wirtschaft und Beruf und Pr\u00fcfungsvorbereitung. German individual courses for work and business and German Language Exam Preparation. Cours d&#039;allemand individuels pour le travail et les affaires et pr\u00e9paration \u00e0 l&#039;examen de langue allemande.\" \/>\n<meta property=\"og:url\" content=\"https:\/\/sprich-mit.com\/de\/german-individual-courses\/\" \/>\n<meta property=\"article:modified_time\" content=\"2025-01-16T06:10:23+00:00\" \/>\n<meta property=\"og:image\" content=\"https:\/\/sprich-mit.com\/wp-content\/uploads\/2024\/01\/hamburg-2976711_1280.jpg\" \/>\n\t<meta property=\"og:image:width\" content=\"1280\" \/>\n\t<meta property=\"og:image:height\" content=\"853\" \/>\n\t<meta property=\"og:image:type\" content=\"image\/jpeg\" \/>\n<meta name=\"twitter:label1\" content=\"Gesch\u00e4tzte Lesezeit\" \/>\n\t<meta name=\"twitter:data1\" content=\"1\u00a0Minute\" \/>\n<script type=\"application\/ld+json\" class=\"yoast-schema-graph\">{\"@context\":\"https:\/\/schema.org\",\"@graph\":[{\"@type\":\"WebPage\",\"@id\":\"https:\/\/sprich-mit.com\/german-individual-courses\/\",\"url\":\"https:\/\/sprich-mit.com\/german-individual-courses\/\",\"name\":\"Individual Courses -\",\"isPartOf\":{\"@id\":\"https:\/\/sprich-mit.com\/#website\"},\"primaryImageOfPage\":{\"@id\":\"https:\/\/sprich-mit.com\/german-individual-courses\/#primaryimage\"},\"image\":{\"@id\":\"https:\/\/sprich-mit.com\/german-individual-courses\/#primaryimage\"},\"thumbnailUrl\":\"https:\/\/sprich-mit.com\/wp-content\/uploads\/2024\/01\/hamburg-2976711_1280-300x200.jpg\",\"datePublished\":\"2020-02-29T01:22:55+00:00\",\"dateModified\":\"2025-01-16T06:10:23+00:00\",\"description\":\"Deutsch Einzelkurse f\u00fcr Wirtschaft und Beruf und Pr\u00fcfungsvorbereitung. German individual courses for work and business and German Language Exam Preparation. Cours d'allemand individuels pour le travail et les affaires et pr\u00e9paration \u00e0 l'examen de langue allemande.\",\"breadcrumb\":{\"@id\":\"https:\/\/sprich-mit.com\/german-individual-courses\/#breadcrumb\"},\"inLanguage\":\"de\",\"potentialAction\":[{\"@type\":\"ReadAction\",\"target\":[\"https:\/\/sprich-mit.com\/german-individual-courses\/\"]}]},{\"@type\":\"ImageObject\",\"inLanguage\":\"de\",\"@id\":\"https:\/\/sprich-mit.com\/german-individual-courses\/#primaryimage\",\"url\":\"https:\/\/sprich-mit.com\/wp-content\/uploads\/2024\/01\/hamburg-2976711_1280-300x200.jpg\",\"contentUrl\":\"https:\/\/sprich-mit.com\/wp-content\/uploads\/2024\/01\/hamburg-2976711_1280-300x200.jpg\"},{\"@type\":\"BreadcrumbList\",\"@id\":\"https:\/\/sprich-mit.com\/german-individual-courses\/#breadcrumb\",\"itemListElement\":[{\"@type\":\"ListItem\",\"position\":1,\"name\":\"Home\",\"item\":\"https:\/\/sprich-mit.com\/\"},{\"@type\":\"ListItem\",\"position\":2,\"name\":\"Individual Courses\"}]},{\"@type\":\"WebSite\",\"@id\":\"https:\/\/sprich-mit.com\/#website\",\"url\":\"https:\/\/sprich-mit.com\/\",\"name\":\"\",\"description\":\"\",\"potentialAction\":[{\"@type\":\"SearchAction\",\"target\":{\"@type\":\"EntryPoint\",\"urlTemplate\":\"https:\/\/sprich-mit.com\/?s={search_term_string}\"},\"query-input\":{\"@type\":\"PropertyValueSpecification\",\"valueRequired\":true,\"valueName\":\"search_term_string\"}}],\"inLanguage\":\"de\"}]}<\/script>\n<!-- \/ Yoast SEO plugin. -->","yoast_head_json":{"title":"Individual Courses -","description":"Deutsch Einzelkurse f\u00fcr Wirtschaft und Beruf und Pr\u00fcfungsvorbereitung. German individual courses for work and business and German Language Exam Preparation. Cours d'allemand individuels pour le travail et les affaires et pr\u00e9paration \u00e0 l'examen de langue allemande.","robots":{"index":"index","follow":"follow","max-snippet":"max-snippet:-1","max-image-preview":"max-image-preview:large","max-video-preview":"max-video-preview:-1"},"canonical":"https:\/\/sprich-mit.com\/de\/german-individual-courses\/","og_locale":"de_DE","og_type":"article","og_title":"Individual Courses -","og_description":"Deutsch Einzelkurse f\u00fcr Wirtschaft und Beruf und Pr\u00fcfungsvorbereitung. German individual courses for work and business and German Language Exam Preparation. Cours d'allemand individuels pour le travail et les affaires et pr\u00e9paration \u00e0 l'examen de langue allemande.","og_url":"https:\/\/sprich-mit.com\/de\/german-individual-courses\/","article_modified_time":"2025-01-16T06:10:23+00:00","og_image":[{"width":1280,"height":853,"url":"https:\/\/sprich-mit.com\/wp-content\/uploads\/2024\/01\/hamburg-2976711_1280.jpg","type":"image\/jpeg"}],"twitter_misc":{"Gesch\u00e4tzte Lesezeit":"1\u00a0Minute"},"schema":{"@context":"https:\/\/schema.org","@graph":[{"@type":"WebPage","@id":"https:\/\/sprich-mit.com\/german-individual-courses\/","url":"https:\/\/sprich-mit.com\/german-individual-courses\/","name":"Individual Courses -","isPartOf":{"@id":"https:\/\/sprich-mit.com\/#website"},"primaryImageOfPage":{"@id":"https:\/\/sprich-mit.com\/german-individual-courses\/#primaryimage"},"image":{"@id":"https:\/\/sprich-mit.com\/german-individual-courses\/#primaryimage"},"thumbnailUrl":"https:\/\/sprich-mit.com\/wp-content\/uploads\/2024\/01\/hamburg-2976711_1280-300x200.jpg","datePublished":"2020-02-29T01:22:55+00:00","dateModified":"2025-01-16T06:10:23+00:00","description":"Deutsch Einzelkurse f\u00fcr Wirtschaft und Beruf und Pr\u00fcfungsvorbereitung. German individual courses for work and business and German Language Exam Preparation. Cours d'allemand individuels pour le travail et les affaires et pr\u00e9paration \u00e0 l'examen de langue allemande.","breadcrumb":{"@id":"https:\/\/sprich-mit.com\/german-individual-courses\/#breadcrumb"},"inLanguage":"de","potentialAction":[{"@type":"ReadAction","target":["https:\/\/sprich-mit.com\/german-individual-courses\/"]}]},{"@type":"ImageObject","inLanguage":"de","@id":"https:\/\/sprich-mit.com\/german-individual-courses\/#primaryimage","url":"https:\/\/sprich-mit.com\/wp-content\/uploads\/2024\/01\/hamburg-2976711_1280-300x200.jpg","contentUrl":"https:\/\/sprich-mit.com\/wp-content\/uploads\/2024\/01\/hamburg-2976711_1280-300x200.jpg"},{"@type":"BreadcrumbList","@id":"https:\/\/sprich-mit.com\/german-individual-courses\/#breadcrumb","itemListElement":[{"@type":"ListItem","position":1,"name":"Home","item":"https:\/\/sprich-mit.com\/"},{"@type":"ListItem","position":2,"name":"Individual Courses"}]},{"@type":"WebSite","@id":"https:\/\/sprich-mit.com\/#website","url":"https:\/\/sprich-mit.com\/","name":"","description":"","potentialAction":[{"@type":"SearchAction","target":{"@type":"EntryPoint","urlTemplate":"https:\/\/sprich-mit.com\/?s={search_term_string}"},"query-input":{"@type":"PropertyValueSpecification","valueRequired":true,"valueName":"search_term_string"}}],"inLanguage":"de"}]}},"jetpack_shortlink":"https:\/\/wp.me\/P5kQLI-h0","jetpack_sharing_enabled":true,"_links":{"self":[{"href":"https:\/\/sprich-mit.com\/de\/wp-json\/wp\/v2\/pages\/1054","targetHints":{"allow":["GET"]}}],"collection":[{"href":"https:\/\/sprich-mit.com\/de\/wp-json\/wp\/v2\/pages"}],"about":[{"href":"https:\/\/sprich-mit.com\/de\/wp-json\/wp\/v2\/types\/page"}],"author":[{"embeddable":true,"href":"https:\/\/sprich-mit.com\/de\/wp-json\/wp\/v2\/users\/1"}],"replies":[{"embeddable":true,"href":"https:\/\/sprich-mit.com\/de\/wp-json\/wp\/v2\/comments?post=1054"}],"version-history":[{"count":20,"href":"https:\/\/sprich-mit.com\/de\/wp-json\/wp\/v2\/pages\/1054\/revisions"}],"predecessor-version":[{"id":2023,"href":"https:\/\/sprich-mit.com\/de\/wp-json\/wp\/v2\/pages\/1054\/revisions\/2023"}],"wp:attachment":[{"href":"https:\/\/sprich-mit.com\/de\/wp-json\/wp\/v2\/media?parent=1054"}],"curies":[{"name":"wp","href":"https:\/\/api.w.org\/{rel}","templated":true}]}}