{"id":1080,"date":"2020-03-09T06:52:58","date_gmt":"2020-03-09T05:52:58","guid":{"rendered":"http:\/\/sprich-mit.com\/?page_id=1080"},"modified":"2024-11-01T09:33:31","modified_gmt":"2024-11-01T08:33:31","slug":"courses","status":"publish","type":"page","link":"https:\/\/sprich-mit.com\/de\/courses\/","title":{"rendered":"Kurse"},"content":{"rendered":"<p>Sprichmit Sprachtraining und Coaching bietet <\/p>\r\n<p>&#8211;<a href=\"https:\/\/sprich-mit.com\/de\/deutschkurse-fuer-unternehmen\/\">Deutsch-Einzelkurse f\u00fcr Unternehmen<\/a><br \/><br \/>-Deutsch <a href=\"https:\/\/sprich-mit.com\/de\/german-individual-courses\/\">Einzel-Onlinekurse<\/a><\/p>\r\n<p>&#8211;<a href=\"https:\/\/sprich-mit.com\/de\/coaching\/\">Coaching<\/a> als Unterst\u00fctzung beim Sprachenlernen und bei deinen pers\u00f6nlichen Zielen und bei Themen, die dich besch\u00e4ftigen<\/p>\r\n<p>-Gestaltung von Unterlagen und \u00dcbungen f\u00fcr den Deutschunterricht, siehe <a href=\"https:\/\/news-in-german.com\/\">News in German<\/a> \u00a0 <br \/><br \/><br \/>Sprachtraining und Coaching kann online oder am gleichen Ort stattfinden, vorausgesetzt wir befinden uns in der gleichen Region. <br \/>F\u00fcr weitere Informationen kontaktiere mich bitte unter martina@sprich-mit.com.<\/p>","protected":false},"excerpt":{"rendered":"<p>Sprichmit Sprachtraining und Coaching offers &#8211;Business German courses for companies -German language individual online courses &#8211;coaching as a support in language learning and your personal goals and what keeps you busy -lesson and exercise design, please see the News in German page \u00a0 Language training and coaching can take place online or in person provided &#8230; <a title=\"Kurse\" class=\"read-more\" href=\"https:\/\/sprich-mit.com\/de\/courses\/\" aria-label=\"Mehr Informationen \u00fcber Courses\">Weiterlesen<\/a><\/p>","protected":false},"author":1,"featured_media":0,"parent":0,"menu_order":0,"comment_status":"closed","ping_status":"closed","template":"","meta":{"footnotes":""},"class_list":["post-1080","page","type-page","status-publish"],"yoast_head":"<!-- This site is optimized with the Yoast SEO plugin v25.9 - https:\/\/yoast.com\/wordpress\/plugins\/seo\/ -->\n<title>Courses -<\/title>\n<meta name=\"robots\" content=\"index, follow, max-snippet:-1, max-image-preview:large, max-video-preview:-1\" \/>\n<link rel=\"canonical\" href=\"https:\/\/sprich-mit.com\/de\/courses\/\" \/>\n<meta property=\"og:locale\" content=\"de_DE\" \/>\n<meta property=\"og:type\" content=\"article\" \/>\n<meta property=\"og:title\" content=\"Courses -\" \/>\n<meta property=\"og:description\" content=\"Sprichmit Sprachtraining und Coaching offers &#8211;Business German courses for companies -German language individual online courses &#8211;coaching as a support in language learning and your personal goals and what keeps you busy -lesson and exercise design, please see the News in German page \u00a0 Language training and coaching can take place online or in person provided ... Weiterlesen\" \/>\n<meta property=\"og:url\" content=\"https:\/\/sprich-mit.com\/de\/courses\/\" \/>\n<meta property=\"article:modified_time\" content=\"2024-11-01T08:33:31+00:00\" \/>\n<meta name=\"twitter:label1\" content=\"Gesch\u00e4tzte Lesezeit\" \/>\n\t<meta name=\"twitter:data1\" content=\"1\u00a0Minute\" \/>\n<script type=\"application\/ld+json\" class=\"yoast-schema-graph\">{\"@context\":\"https:\/\/schema.org\",\"@graph\":[{\"@type\":\"WebPage\",\"@id\":\"https:\/\/sprich-mit.com\/courses\/\",\"url\":\"https:\/\/sprich-mit.com\/courses\/\",\"name\":\"Courses -\",\"isPartOf\":{\"@id\":\"https:\/\/sprich-mit.com\/#website\"},\"datePublished\":\"2020-03-09T05:52:58+00:00\",\"dateModified\":\"2024-11-01T08:33:31+00:00\",\"breadcrumb\":{\"@id\":\"https:\/\/sprich-mit.com\/courses\/#breadcrumb\"},\"inLanguage\":\"de\",\"potentialAction\":[{\"@type\":\"ReadAction\",\"target\":[\"https:\/\/sprich-mit.com\/courses\/\"]}]},{\"@type\":\"BreadcrumbList\",\"@id\":\"https:\/\/sprich-mit.com\/courses\/#breadcrumb\",\"itemListElement\":[{\"@type\":\"ListItem\",\"position\":1,\"name\":\"Home\",\"item\":\"https:\/\/sprich-mit.com\/\"},{\"@type\":\"ListItem\",\"position\":2,\"name\":\"Courses\"}]},{\"@type\":\"WebSite\",\"@id\":\"https:\/\/sprich-mit.com\/#website\",\"url\":\"https:\/\/sprich-mit.com\/\",\"name\":\"\",\"description\":\"\",\"potentialAction\":[{\"@type\":\"SearchAction\",\"target\":{\"@type\":\"EntryPoint\",\"urlTemplate\":\"https:\/\/sprich-mit.com\/?s={search_term_string}\"},\"query-input\":{\"@type\":\"PropertyValueSpecification\",\"valueRequired\":true,\"valueName\":\"search_term_string\"}}],\"inLanguage\":\"de\"}]}<\/script>\n<!-- \/ Yoast SEO plugin. -->","yoast_head_json":{"title":"Courses -","robots":{"index":"index","follow":"follow","max-snippet":"max-snippet:-1","max-image-preview":"max-image-preview:large","max-video-preview":"max-video-preview:-1"},"canonical":"https:\/\/sprich-mit.com\/de\/courses\/","og_locale":"de_DE","og_type":"article","og_title":"Courses -","og_description":"Sprichmit Sprachtraining und Coaching offers &#8211;Business German courses for companies -German language individual online courses &#8211;coaching as a support in language learning and your personal goals and what keeps you busy -lesson and exercise design, please see the News in German page \u00a0 Language training and coaching can take place online or in person provided ... Weiterlesen","og_url":"https:\/\/sprich-mit.com\/de\/courses\/","article_modified_time":"2024-11-01T08:33:31+00:00","twitter_misc":{"Gesch\u00e4tzte Lesezeit":"1\u00a0Minute"},"schema":{"@context":"https:\/\/schema.org","@graph":[{"@type":"WebPage","@id":"https:\/\/sprich-mit.com\/courses\/","url":"https:\/\/sprich-mit.com\/courses\/","name":"Courses -","isPartOf":{"@id":"https:\/\/sprich-mit.com\/#website"},"datePublished":"2020-03-09T05:52:58+00:00","dateModified":"2024-11-01T08:33:31+00:00","breadcrumb":{"@id":"https:\/\/sprich-mit.com\/courses\/#breadcrumb"},"inLanguage":"de","potentialAction":[{"@type":"ReadAction","target":["https:\/\/sprich-mit.com\/courses\/"]}]},{"@type":"BreadcrumbList","@id":"https:\/\/sprich-mit.com\/courses\/#breadcrumb","itemListElement":[{"@type":"ListItem","position":1,"name":"Home","item":"https:\/\/sprich-mit.com\/"},{"@type":"ListItem","position":2,"name":"Courses"}]},{"@type":"WebSite","@id":"https:\/\/sprich-mit.com\/#website","url":"https:\/\/sprich-mit.com\/","name":"","description":"","potentialAction":[{"@type":"SearchAction","target":{"@type":"EntryPoint","urlTemplate":"https:\/\/sprich-mit.com\/?s={search_term_string}"},"query-input":{"@type":"PropertyValueSpecification","valueRequired":true,"valueName":"search_term_string"}}],"inLanguage":"de"}]}},"jetpack_shortlink":"https:\/\/wp.me\/P5kQLI-hq","jetpack_sharing_enabled":true,"_links":{"self":[{"href":"https:\/\/sprich-mit.com\/de\/wp-json\/wp\/v2\/pages\/1080","targetHints":{"allow":["GET"]}}],"collection":[{"href":"https:\/\/sprich-mit.com\/de\/wp-json\/wp\/v2\/pages"}],"about":[{"href":"https:\/\/sprich-mit.com\/de\/wp-json\/wp\/v2\/types\/page"}],"author":[{"embeddable":true,"href":"https:\/\/sprich-mit.com\/de\/wp-json\/wp\/v2\/users\/1"}],"replies":[{"embeddable":true,"href":"https:\/\/sprich-mit.com\/de\/wp-json\/wp\/v2\/comments?post=1080"}],"version-history":[{"count":8,"href":"https:\/\/sprich-mit.com\/de\/wp-json\/wp\/v2\/pages\/1080\/revisions"}],"predecessor-version":[{"id":2210,"href":"https:\/\/sprich-mit.com\/de\/wp-json\/wp\/v2\/pages\/1080\/revisions\/2210"}],"wp:attachment":[{"href":"https:\/\/sprich-mit.com\/de\/wp-json\/wp\/v2\/media?parent=1080"}],"curies":[{"name":"wp","href":"https:\/\/api.w.org\/{rel}","templated":true}]}}