{"id":1083,"date":"2020-03-09T07:22:10","date_gmt":"2020-03-09T06:22:10","guid":{"rendered":"http:\/\/sprich-mit.com\/?page_id=1083"},"modified":"2024-11-05T12:50:14","modified_gmt":"2024-11-05T11:50:14","slug":"coaching","status":"publish","type":"page","link":"https:\/\/sprich-mit.com\/de\/coaching\/","title":{"rendered":"Coaching"},"content":{"rendered":"<p><img loading=\"lazy\" decoding=\"async\" width=\"300\" height=\"634\" class=\"wp-image-1093\" style=\"width: 300px;\" src=\"http:\/\/sprich-mit.com\/wp-content\/uploads\/2020\/03\/Foto-Treppe-scaled.jpg\" alt=\"\" srcset=\"https:\/\/sprich-mit.com\/wp-content\/uploads\/2020\/03\/Foto-Treppe-scaled.jpg 1211w, https:\/\/sprich-mit.com\/wp-content\/uploads\/2020\/03\/Foto-Treppe-142x300.jpg 142w, https:\/\/sprich-mit.com\/wp-content\/uploads\/2020\/03\/Foto-Treppe-485x1024.jpg 485w, https:\/\/sprich-mit.com\/wp-content\/uploads\/2020\/03\/Foto-Treppe-768x1623.jpg 768w, https:\/\/sprich-mit.com\/wp-content\/uploads\/2020\/03\/Foto-Treppe-727x1536.jpg 727w, https:\/\/sprich-mit.com\/wp-content\/uploads\/2020\/03\/Foto-Treppe-969x2048.jpg 969w\" sizes=\"auto, (max-width: 300px) 100vw, 300px\" \/><br \/><br \/><em>So wie du die Stufen einer Treppe hinaufgehst, so kannst du dich zu jeder Zeit im Leben vorw\u00e4rts und aufw\u00e4rts bewegen. Manchmal schnell und einfach. Manchmal brauchst du vielleicht Zeit, Geduld und Unterst\u00fctzung.<\/em><br \/><br \/>Manchmal w\u00fcnschst du dir vielleicht, bei dem unterst\u00fctzt zu werden, was dich besch\u00e4ftigt: Ziele, Tr\u00e4ume und Sorgen. Dein Thema liegt in deinen H\u00e4nden und du hast die Verantwortung daf\u00fcr. Aber ich kann dich darin unterst\u00fctzen, dein Ziel oder einen einen Teil deines Ziel zu erreichen, indem ich deine aktive Zuh\u00f6rerin bin und dir Fragen stelle, die deine Perspektive ver\u00e4ndern. Au\u00dferdem kann ich dir Methoden und Werkzeuge vorstellen, die dir die M\u00f6glichkeit geben, dein Anliegen in einem anderen Licht zu betrachten, dich inspirieren und dich neue Ideen und L\u00f6sungen finden lassen k\u00f6nnen. <br \/>Die Techniken und Methoden, die ich nutze, kommen aus dem systemischen Coaching.<br \/><br \/>Ziele, Anliegen oder Fragen meiner Klienten waren zum Beispiel:<br \/>-eine Entscheidung f\u00fcr oder gegen eine angebotene Arbeitsstelle zu treffen<br \/>-einen Konflikt mit einem Kollegen auf der Arbeit<br \/>-mehr soziale Kontakte zu haben<br \/>-Mut und Selbstbewusstsein<br \/>-von der eigenen Arbeit und Begabung leben k\u00f6nnen<br \/><br \/>Ein Perspektivwechsel kann bereits sehr viel ver\u00e4ndern und dich f\u00fcr weitere m\u00f6gliche Schritten inspirieren.<br \/><br \/>F\u00fcr weitere Informationen zum Coaching kontaktiere mich bitte unter martina@sprich-mit.com.<\/p>","protected":false},"excerpt":{"rendered":"<p>Like walking the steps of stairs, you can move on, forward and up at any time of your life. Sometimes quickly and easily. Sometimes it needs time and patience and support. Sometimes you may wish to be supported in what is on your mind: your goals, dreams, concerns. Your topic is in your hands and &#8230; <a title=\"Coaching\" class=\"read-more\" href=\"https:\/\/sprich-mit.com\/de\/coaching\/\" aria-label=\"Mehr Informationen \u00fcber Coaching\">Weiterlesen<\/a><\/p>","protected":false},"author":1,"featured_media":0,"parent":0,"menu_order":0,"comment_status":"closed","ping_status":"closed","template":"","meta":{"footnotes":""},"class_list":["post-1083","page","type-page","status-publish"],"yoast_head":"<!-- This site is optimized with the Yoast SEO plugin v25.9 - https:\/\/yoast.com\/wordpress\/plugins\/seo\/ -->\n<title>Coaching -<\/title>\n<meta name=\"robots\" content=\"index, follow, max-snippet:-1, max-image-preview:large, max-video-preview:-1\" \/>\n<link rel=\"canonical\" href=\"https:\/\/sprich-mit.com\/de\/coaching\/\" \/>\n<meta property=\"og:locale\" content=\"de_DE\" \/>\n<meta property=\"og:type\" content=\"article\" \/>\n<meta property=\"og:title\" content=\"Coaching -\" \/>\n<meta property=\"og:description\" content=\"Like walking the steps of stairs, you can move on, forward and up at any time of your life. Sometimes quickly and easily. Sometimes it needs time and patience and support. Sometimes you may wish to be supported in what is on your mind: your goals, dreams, concerns. Your topic is in your hands and ... Weiterlesen\" \/>\n<meta property=\"og:url\" content=\"https:\/\/sprich-mit.com\/de\/coaching\/\" \/>\n<meta property=\"article:modified_time\" content=\"2024-11-05T11:50:14+00:00\" \/>\n<meta property=\"og:image\" content=\"https:\/\/sprich-mit.com\/wp-content\/uploads\/2020\/03\/Foto-Treppe-scaled.jpg\" \/>\n\t<meta property=\"og:image:width\" content=\"1211\" \/>\n\t<meta property=\"og:image:height\" content=\"2560\" \/>\n\t<meta property=\"og:image:type\" content=\"image\/jpeg\" \/>\n<meta name=\"twitter:label1\" content=\"Gesch\u00e4tzte Lesezeit\" \/>\n\t<meta name=\"twitter:data1\" content=\"2\u00a0Minuten\" \/>\n<script type=\"application\/ld+json\" class=\"yoast-schema-graph\">{\"@context\":\"https:\/\/schema.org\",\"@graph\":[{\"@type\":\"WebPage\",\"@id\":\"https:\/\/sprich-mit.com\/coaching\/\",\"url\":\"https:\/\/sprich-mit.com\/coaching\/\",\"name\":\"Coaching -\",\"isPartOf\":{\"@id\":\"https:\/\/sprich-mit.com\/#website\"},\"primaryImageOfPage\":{\"@id\":\"https:\/\/sprich-mit.com\/coaching\/#primaryimage\"},\"image\":{\"@id\":\"https:\/\/sprich-mit.com\/coaching\/#primaryimage\"},\"thumbnailUrl\":\"http:\/\/sprich-mit.com\/wp-content\/uploads\/2020\/03\/Foto-Treppe-scaled.jpg\",\"datePublished\":\"2020-03-09T06:22:10+00:00\",\"dateModified\":\"2024-11-05T11:50:14+00:00\",\"breadcrumb\":{\"@id\":\"https:\/\/sprich-mit.com\/coaching\/#breadcrumb\"},\"inLanguage\":\"de\",\"potentialAction\":[{\"@type\":\"ReadAction\",\"target\":[\"https:\/\/sprich-mit.com\/coaching\/\"]}]},{\"@type\":\"ImageObject\",\"inLanguage\":\"de\",\"@id\":\"https:\/\/sprich-mit.com\/coaching\/#primaryimage\",\"url\":\"http:\/\/sprich-mit.com\/wp-content\/uploads\/2020\/03\/Foto-Treppe-scaled.jpg\",\"contentUrl\":\"http:\/\/sprich-mit.com\/wp-content\/uploads\/2020\/03\/Foto-Treppe-scaled.jpg\"},{\"@type\":\"BreadcrumbList\",\"@id\":\"https:\/\/sprich-mit.com\/coaching\/#breadcrumb\",\"itemListElement\":[{\"@type\":\"ListItem\",\"position\":1,\"name\":\"Home\",\"item\":\"https:\/\/sprich-mit.com\/\"},{\"@type\":\"ListItem\",\"position\":2,\"name\":\"Coaching\"}]},{\"@type\":\"WebSite\",\"@id\":\"https:\/\/sprich-mit.com\/#website\",\"url\":\"https:\/\/sprich-mit.com\/\",\"name\":\"\",\"description\":\"\",\"potentialAction\":[{\"@type\":\"SearchAction\",\"target\":{\"@type\":\"EntryPoint\",\"urlTemplate\":\"https:\/\/sprich-mit.com\/?s={search_term_string}\"},\"query-input\":{\"@type\":\"PropertyValueSpecification\",\"valueRequired\":true,\"valueName\":\"search_term_string\"}}],\"inLanguage\":\"de\"}]}<\/script>\n<!-- \/ Yoast SEO plugin. -->","yoast_head_json":{"title":"Coaching -","robots":{"index":"index","follow":"follow","max-snippet":"max-snippet:-1","max-image-preview":"max-image-preview:large","max-video-preview":"max-video-preview:-1"},"canonical":"https:\/\/sprich-mit.com\/de\/coaching\/","og_locale":"de_DE","og_type":"article","og_title":"Coaching -","og_description":"Like walking the steps of stairs, you can move on, forward and up at any time of your life. Sometimes quickly and easily. Sometimes it needs time and patience and support. Sometimes you may wish to be supported in what is on your mind: your goals, dreams, concerns. Your topic is in your hands and ... Weiterlesen","og_url":"https:\/\/sprich-mit.com\/de\/coaching\/","article_modified_time":"2024-11-05T11:50:14+00:00","og_image":[{"width":1211,"height":2560,"url":"https:\/\/sprich-mit.com\/wp-content\/uploads\/2020\/03\/Foto-Treppe-scaled.jpg","type":"image\/jpeg"}],"twitter_misc":{"Gesch\u00e4tzte Lesezeit":"2\u00a0Minuten"},"schema":{"@context":"https:\/\/schema.org","@graph":[{"@type":"WebPage","@id":"https:\/\/sprich-mit.com\/coaching\/","url":"https:\/\/sprich-mit.com\/coaching\/","name":"Coaching -","isPartOf":{"@id":"https:\/\/sprich-mit.com\/#website"},"primaryImageOfPage":{"@id":"https:\/\/sprich-mit.com\/coaching\/#primaryimage"},"image":{"@id":"https:\/\/sprich-mit.com\/coaching\/#primaryimage"},"thumbnailUrl":"http:\/\/sprich-mit.com\/wp-content\/uploads\/2020\/03\/Foto-Treppe-scaled.jpg","datePublished":"2020-03-09T06:22:10+00:00","dateModified":"2024-11-05T11:50:14+00:00","breadcrumb":{"@id":"https:\/\/sprich-mit.com\/coaching\/#breadcrumb"},"inLanguage":"de","potentialAction":[{"@type":"ReadAction","target":["https:\/\/sprich-mit.com\/coaching\/"]}]},{"@type":"ImageObject","inLanguage":"de","@id":"https:\/\/sprich-mit.com\/coaching\/#primaryimage","url":"http:\/\/sprich-mit.com\/wp-content\/uploads\/2020\/03\/Foto-Treppe-scaled.jpg","contentUrl":"http:\/\/sprich-mit.com\/wp-content\/uploads\/2020\/03\/Foto-Treppe-scaled.jpg"},{"@type":"BreadcrumbList","@id":"https:\/\/sprich-mit.com\/coaching\/#breadcrumb","itemListElement":[{"@type":"ListItem","position":1,"name":"Home","item":"https:\/\/sprich-mit.com\/"},{"@type":"ListItem","position":2,"name":"Coaching"}]},{"@type":"WebSite","@id":"https:\/\/sprich-mit.com\/#website","url":"https:\/\/sprich-mit.com\/","name":"","description":"","potentialAction":[{"@type":"SearchAction","target":{"@type":"EntryPoint","urlTemplate":"https:\/\/sprich-mit.com\/?s={search_term_string}"},"query-input":{"@type":"PropertyValueSpecification","valueRequired":true,"valueName":"search_term_string"}}],"inLanguage":"de"}]}},"jetpack_shortlink":"https:\/\/wp.me\/P5kQLI-ht","jetpack_sharing_enabled":true,"_links":{"self":[{"href":"https:\/\/sprich-mit.com\/de\/wp-json\/wp\/v2\/pages\/1083","targetHints":{"allow":["GET"]}}],"collection":[{"href":"https:\/\/sprich-mit.com\/de\/wp-json\/wp\/v2\/pages"}],"about":[{"href":"https:\/\/sprich-mit.com\/de\/wp-json\/wp\/v2\/types\/page"}],"author":[{"embeddable":true,"href":"https:\/\/sprich-mit.com\/de\/wp-json\/wp\/v2\/users\/1"}],"replies":[{"embeddable":true,"href":"https:\/\/sprich-mit.com\/de\/wp-json\/wp\/v2\/comments?post=1083"}],"version-history":[{"count":12,"href":"https:\/\/sprich-mit.com\/de\/wp-json\/wp\/v2\/pages\/1083\/revisions"}],"predecessor-version":[{"id":2223,"href":"https:\/\/sprich-mit.com\/de\/wp-json\/wp\/v2\/pages\/1083\/revisions\/2223"}],"wp:attachment":[{"href":"https:\/\/sprich-mit.com\/de\/wp-json\/wp\/v2\/media?parent=1083"}],"curies":[{"name":"wp","href":"https:\/\/api.w.org\/{rel}","templated":true}]}}