{"id":2200,"date":"2024-11-01T08:51:24","date_gmt":"2024-11-01T07:51:24","guid":{"rendered":"https:\/\/sprich-mit.com\/?page_id=2200"},"modified":"2025-02-20T22:32:02","modified_gmt":"2025-02-20T21:32:02","slug":"deutschkurse-fuer-unternehmen","status":"publish","type":"page","link":"https:\/\/sprich-mit.com\/de\/deutschkurse-fuer-unternehmen\/","title":{"rendered":"Deutschkurse f\u00fcr Unternehmen"},"content":{"rendered":"<p><a href=\"https:\/\/sprich-mit.com\/wp-content\/uploads\/2024\/03\/pexels-andrea-piacquadio-3786760-scaled.jpg\"><img loading=\"lazy\" decoding=\"async\" class=\"alignnone wp-image-2071\" src=\"https:\/\/sprich-mit.com\/wp-content\/uploads\/2024\/03\/pexels-thisisengineering-39124681-300x200.jpg\" alt=\"\" width=\"149\" height=\"99\" srcset=\"https:\/\/sprich-mit.com\/wp-content\/uploads\/2024\/03\/pexels-thisisengineering-39124681-300x200.jpg 300w, https:\/\/sprich-mit.com\/wp-content\/uploads\/2024\/03\/pexels-thisisengineering-39124681-1024x683.jpg 1024w, https:\/\/sprich-mit.com\/wp-content\/uploads\/2024\/03\/pexels-thisisengineering-39124681-768x512.jpg 768w, https:\/\/sprich-mit.com\/wp-content\/uploads\/2024\/03\/pexels-thisisengineering-39124681-1536x1024.jpg 1536w, https:\/\/sprich-mit.com\/wp-content\/uploads\/2024\/03\/pexels-thisisengineering-39124681-2048x1365.jpg 2048w, https:\/\/sprich-mit.com\/wp-content\/uploads\/2024\/03\/pexels-thisisengineering-39124681-18x12.jpg 18w\" sizes=\"auto, (max-width: 149px) 100vw, 149px\" \/><img loading=\"lazy\" decoding=\"async\" class=\"alignnone wp-image-2078\" src=\"https:\/\/sprich-mit.com\/wp-content\/uploads\/2024\/03\/pexels-andrea-piacquadio-3786760-300x187.jpg\" alt=\"\" width=\"160\" height=\"100\" srcset=\"https:\/\/sprich-mit.com\/wp-content\/uploads\/2024\/03\/pexels-andrea-piacquadio-3786760-300x187.jpg 300w, https:\/\/sprich-mit.com\/wp-content\/uploads\/2024\/03\/pexels-andrea-piacquadio-3786760-1024x640.jpg 1024w, https:\/\/sprich-mit.com\/wp-content\/uploads\/2024\/03\/pexels-andrea-piacquadio-3786760-768x480.jpg 768w, https:\/\/sprich-mit.com\/wp-content\/uploads\/2024\/03\/pexels-andrea-piacquadio-3786760-1536x960.jpg 1536w, https:\/\/sprich-mit.com\/wp-content\/uploads\/2024\/03\/pexels-andrea-piacquadio-3786760-2048x1280.jpg 2048w, https:\/\/sprich-mit.com\/wp-content\/uploads\/2024\/03\/pexels-andrea-piacquadio-3786760-18x12.jpg 18w\" sizes=\"auto, (max-width: 160px) 100vw, 160px\" \/><\/a><a href=\"https:\/\/sprich-mit.com\/wp-content\/uploads\/2024\/03\/woman-4702060_1280.jpg\"><img loading=\"lazy\" decoding=\"async\" class=\"alignnone wp-image-2065\" src=\"https:\/\/sprich-mit.com\/wp-content\/uploads\/2024\/03\/phone-81677_1280-1-300x200.jpg\" alt=\"\" width=\"149\" height=\"99\" srcset=\"https:\/\/sprich-mit.com\/wp-content\/uploads\/2024\/03\/phone-81677_1280-1-300x200.jpg 300w, https:\/\/sprich-mit.com\/wp-content\/uploads\/2024\/03\/phone-81677_1280-1-1024x683.jpg 1024w, https:\/\/sprich-mit.com\/wp-content\/uploads\/2024\/03\/phone-81677_1280-1-768x512.jpg 768w, https:\/\/sprich-mit.com\/wp-content\/uploads\/2024\/03\/phone-81677_1280-1-18x12.jpg 18w, https:\/\/sprich-mit.com\/wp-content\/uploads\/2024\/03\/phone-81677_1280-1.jpg 1280w\" sizes=\"auto, (max-width: 149px) 100vw, 149px\" \/><img loading=\"lazy\" decoding=\"async\" class=\"alignnone wp-image-2068\" src=\"https:\/\/sprich-mit.com\/wp-content\/uploads\/2024\/03\/woman-4702060_1280-300x200.jpg\" alt=\"\" width=\"149\" height=\"99\" srcset=\"https:\/\/sprich-mit.com\/wp-content\/uploads\/2024\/03\/woman-4702060_1280-300x200.jpg 300w, https:\/\/sprich-mit.com\/wp-content\/uploads\/2024\/03\/woman-4702060_1280-1024x683.jpg 1024w, https:\/\/sprich-mit.com\/wp-content\/uploads\/2024\/03\/woman-4702060_1280-768x512.jpg 768w, https:\/\/sprich-mit.com\/wp-content\/uploads\/2024\/03\/woman-4702060_1280-18x12.jpg 18w, https:\/\/sprich-mit.com\/wp-content\/uploads\/2024\/03\/woman-4702060_1280.jpg 1280w\" sizes=\"auto, (max-width: 149px) 100vw, 149px\" \/><\/a><\/p>\n<p><em>Deutsch in einem Firmenkurs zu lernen bedeutet einen gro\u00dfen Vorteil f\u00fcr<br \/>\n<\/em><em>internationale MitarbeiterInnen.<\/em><\/p>\n<p>Sie m\u00f6chten Ihren internationalen MitarbeiterInnen einen Deutschkurs vorschlagen?<\/p>\n<p>Speaking and understanding German well is a huge advantage and plays a central role for the well-being in all kinds of situations of your employees&#8217; daily and working life in their new hometown in Germany, in particular if the working language is German. The decision to stay in Germany or to stay longer is influenced by many factors but feeling happy about the daily contact is an important aspect.<\/p>\n<p>Sprichmit bietet Einzelsprachkurse f\u00fcr Firmen an, genauso sind Kurse mit zwei Personen m\u00f6glich.<\/p>\n<p>The course contents are designed after a thourough goal analysis with the course participants. The focus on their goals, wishes and needs make the courses highly effective.<\/p>\n<p>Die Einheiten dauern 60 Minuten und k\u00f6nnen auf den fr\u00fchen Morgen vor Arbeitsbeginn oder auf die Pause gelegt werden. Deshalb ist es selbst in sehr besch\u00e4ftigten Zeiten m\u00f6glich, regelm\u00e4\u00dfig Deutsch zu lernen und zu \u00fcben und dabei wertvolle Fortschritte zu machen.<\/p>\n<p>Die Unterrichtssprachen f\u00fcr Erkl\u00e4rungen k\u00f6nnen Englisch und Franz\u00f6sisch sein.<\/p>\n<p>For questions and course bookings, please do not hesitate to contact Sprichmit via martina@sprich-mit.com.<\/p>\n<p>&nbsp;<\/p>","protected":false},"excerpt":{"rendered":"<p>Learning German in a Business German Course makes a huge difference for international employees. You would like to suggest your international employees a Business German course? Speaking and understanding German well is a huge advantage and plays a central role for the well-being in all kinds of situations of your employees&#8217; daily and working life &#8230; <a title=\"Deutschkurse f\u00fcr Unternehmen\" class=\"read-more\" href=\"https:\/\/sprich-mit.com\/de\/deutschkurse-fuer-unternehmen\/\" aria-label=\"Mehr Informationen \u00fcber Business German Courses\">Weiterlesen<\/a><\/p>","protected":false},"author":1,"featured_media":0,"parent":0,"menu_order":0,"comment_status":"closed","ping_status":"closed","template":"","meta":{"footnotes":""},"class_list":["post-2200","page","type-page","status-publish"],"yoast_head":"<!-- This site is optimized with the Yoast SEO plugin v25.9 - https:\/\/yoast.com\/wordpress\/plugins\/seo\/ -->\n<title>Business German Courses -<\/title>\n<meta name=\"description\" content=\"Deutschkurse f\u00fcr Unternehmen - Business German courses for companies. Sprichmit offers Business German Courses for all levels.\" \/>\n<meta name=\"robots\" content=\"index, follow, max-snippet:-1, max-image-preview:large, max-video-preview:-1\" \/>\n<link rel=\"canonical\" href=\"https:\/\/sprich-mit.com\/de\/deutschkurse-fuer-unternehmen\/\" \/>\n<meta property=\"og:locale\" content=\"de_DE\" \/>\n<meta property=\"og:type\" content=\"article\" \/>\n<meta property=\"og:title\" content=\"Business German Courses -\" \/>\n<meta property=\"og:description\" content=\"Deutschkurse f\u00fcr Unternehmen - Business German courses for companies. Sprichmit offers Business German Courses for all levels.\" \/>\n<meta property=\"og:url\" content=\"https:\/\/sprich-mit.com\/de\/deutschkurse-fuer-unternehmen\/\" \/>\n<meta property=\"article:modified_time\" content=\"2025-02-20T21:32:02+00:00\" \/>\n<meta property=\"og:image\" content=\"https:\/\/sprich-mit.com\/wp-content\/uploads\/2024\/03\/pexels-thisisengineering-39124681-scaled.jpg\" \/>\n\t<meta property=\"og:image:width\" content=\"2560\" \/>\n\t<meta property=\"og:image:height\" content=\"1706\" \/>\n\t<meta property=\"og:image:type\" content=\"image\/jpeg\" \/>\n<meta name=\"twitter:label1\" content=\"Gesch\u00e4tzte Lesezeit\" \/>\n\t<meta name=\"twitter:data1\" content=\"2\u00a0Minuten\" \/>\n<script type=\"application\/ld+json\" class=\"yoast-schema-graph\">{\"@context\":\"https:\/\/schema.org\",\"@graph\":[{\"@type\":\"WebPage\",\"@id\":\"https:\/\/sprich-mit.com\/deutschkurse-fuer-unternehmen\/\",\"url\":\"https:\/\/sprich-mit.com\/deutschkurse-fuer-unternehmen\/\",\"name\":\"Business German Courses -\",\"isPartOf\":{\"@id\":\"https:\/\/sprich-mit.com\/#website\"},\"primaryImageOfPage\":{\"@id\":\"https:\/\/sprich-mit.com\/deutschkurse-fuer-unternehmen\/#primaryimage\"},\"image\":{\"@id\":\"https:\/\/sprich-mit.com\/deutschkurse-fuer-unternehmen\/#primaryimage\"},\"thumbnailUrl\":\"https:\/\/sprich-mit.com\/wp-content\/uploads\/2024\/03\/pexels-thisisengineering-39124681-300x200.jpg\",\"datePublished\":\"2024-11-01T07:51:24+00:00\",\"dateModified\":\"2025-02-20T21:32:02+00:00\",\"description\":\"Deutschkurse f\u00fcr Unternehmen - Business German courses for companies. Sprichmit offers Business German Courses for all levels.\",\"breadcrumb\":{\"@id\":\"https:\/\/sprich-mit.com\/deutschkurse-fuer-unternehmen\/#breadcrumb\"},\"inLanguage\":\"de\",\"potentialAction\":[{\"@type\":\"ReadAction\",\"target\":[\"https:\/\/sprich-mit.com\/deutschkurse-fuer-unternehmen\/\"]}]},{\"@type\":\"ImageObject\",\"inLanguage\":\"de\",\"@id\":\"https:\/\/sprich-mit.com\/deutschkurse-fuer-unternehmen\/#primaryimage\",\"url\":\"https:\/\/sprich-mit.com\/wp-content\/uploads\/2024\/03\/pexels-thisisengineering-39124681-300x200.jpg\",\"contentUrl\":\"https:\/\/sprich-mit.com\/wp-content\/uploads\/2024\/03\/pexels-thisisengineering-39124681-300x200.jpg\"},{\"@type\":\"BreadcrumbList\",\"@id\":\"https:\/\/sprich-mit.com\/deutschkurse-fuer-unternehmen\/#breadcrumb\",\"itemListElement\":[{\"@type\":\"ListItem\",\"position\":1,\"name\":\"Home\",\"item\":\"https:\/\/sprich-mit.com\/\"},{\"@type\":\"ListItem\",\"position\":2,\"name\":\"Business German Courses\"}]},{\"@type\":\"WebSite\",\"@id\":\"https:\/\/sprich-mit.com\/#website\",\"url\":\"https:\/\/sprich-mit.com\/\",\"name\":\"\",\"description\":\"\",\"potentialAction\":[{\"@type\":\"SearchAction\",\"target\":{\"@type\":\"EntryPoint\",\"urlTemplate\":\"https:\/\/sprich-mit.com\/?s={search_term_string}\"},\"query-input\":{\"@type\":\"PropertyValueSpecification\",\"valueRequired\":true,\"valueName\":\"search_term_string\"}}],\"inLanguage\":\"de\"}]}<\/script>\n<!-- \/ Yoast SEO plugin. -->","yoast_head_json":{"title":"Business German Courses -","description":"Deutschkurse f\u00fcr Unternehmen - Business German courses for companies. Sprichmit offers Business German Courses for all levels.","robots":{"index":"index","follow":"follow","max-snippet":"max-snippet:-1","max-image-preview":"max-image-preview:large","max-video-preview":"max-video-preview:-1"},"canonical":"https:\/\/sprich-mit.com\/de\/deutschkurse-fuer-unternehmen\/","og_locale":"de_DE","og_type":"article","og_title":"Business German Courses -","og_description":"Deutschkurse f\u00fcr Unternehmen - Business German courses for companies. Sprichmit offers Business German Courses for all levels.","og_url":"https:\/\/sprich-mit.com\/de\/deutschkurse-fuer-unternehmen\/","article_modified_time":"2025-02-20T21:32:02+00:00","og_image":[{"width":2560,"height":1706,"url":"https:\/\/sprich-mit.com\/wp-content\/uploads\/2024\/03\/pexels-thisisengineering-39124681-scaled.jpg","type":"image\/jpeg"}],"twitter_misc":{"Gesch\u00e4tzte Lesezeit":"2\u00a0Minuten"},"schema":{"@context":"https:\/\/schema.org","@graph":[{"@type":"WebPage","@id":"https:\/\/sprich-mit.com\/deutschkurse-fuer-unternehmen\/","url":"https:\/\/sprich-mit.com\/deutschkurse-fuer-unternehmen\/","name":"Business German Courses -","isPartOf":{"@id":"https:\/\/sprich-mit.com\/#website"},"primaryImageOfPage":{"@id":"https:\/\/sprich-mit.com\/deutschkurse-fuer-unternehmen\/#primaryimage"},"image":{"@id":"https:\/\/sprich-mit.com\/deutschkurse-fuer-unternehmen\/#primaryimage"},"thumbnailUrl":"https:\/\/sprich-mit.com\/wp-content\/uploads\/2024\/03\/pexels-thisisengineering-39124681-300x200.jpg","datePublished":"2024-11-01T07:51:24+00:00","dateModified":"2025-02-20T21:32:02+00:00","description":"Deutschkurse f\u00fcr Unternehmen - Business German courses for companies. Sprichmit offers Business German Courses for all levels.","breadcrumb":{"@id":"https:\/\/sprich-mit.com\/deutschkurse-fuer-unternehmen\/#breadcrumb"},"inLanguage":"de","potentialAction":[{"@type":"ReadAction","target":["https:\/\/sprich-mit.com\/deutschkurse-fuer-unternehmen\/"]}]},{"@type":"ImageObject","inLanguage":"de","@id":"https:\/\/sprich-mit.com\/deutschkurse-fuer-unternehmen\/#primaryimage","url":"https:\/\/sprich-mit.com\/wp-content\/uploads\/2024\/03\/pexels-thisisengineering-39124681-300x200.jpg","contentUrl":"https:\/\/sprich-mit.com\/wp-content\/uploads\/2024\/03\/pexels-thisisengineering-39124681-300x200.jpg"},{"@type":"BreadcrumbList","@id":"https:\/\/sprich-mit.com\/deutschkurse-fuer-unternehmen\/#breadcrumb","itemListElement":[{"@type":"ListItem","position":1,"name":"Home","item":"https:\/\/sprich-mit.com\/"},{"@type":"ListItem","position":2,"name":"Business German Courses"}]},{"@type":"WebSite","@id":"https:\/\/sprich-mit.com\/#website","url":"https:\/\/sprich-mit.com\/","name":"","description":"","potentialAction":[{"@type":"SearchAction","target":{"@type":"EntryPoint","urlTemplate":"https:\/\/sprich-mit.com\/?s={search_term_string}"},"query-input":{"@type":"PropertyValueSpecification","valueRequired":true,"valueName":"search_term_string"}}],"inLanguage":"de"}]}},"jetpack_shortlink":"https:\/\/wp.me\/P5kQLI-zu","jetpack_sharing_enabled":true,"_links":{"self":[{"href":"https:\/\/sprich-mit.com\/de\/wp-json\/wp\/v2\/pages\/2200","targetHints":{"allow":["GET"]}}],"collection":[{"href":"https:\/\/sprich-mit.com\/de\/wp-json\/wp\/v2\/pages"}],"about":[{"href":"https:\/\/sprich-mit.com\/de\/wp-json\/wp\/v2\/types\/page"}],"author":[{"embeddable":true,"href":"https:\/\/sprich-mit.com\/de\/wp-json\/wp\/v2\/users\/1"}],"replies":[{"embeddable":true,"href":"https:\/\/sprich-mit.com\/de\/wp-json\/wp\/v2\/comments?post=2200"}],"version-history":[{"count":16,"href":"https:\/\/sprich-mit.com\/de\/wp-json\/wp\/v2\/pages\/2200\/revisions"}],"predecessor-version":[{"id":2305,"href":"https:\/\/sprich-mit.com\/de\/wp-json\/wp\/v2\/pages\/2200\/revisions\/2305"}],"wp:attachment":[{"href":"https:\/\/sprich-mit.com\/de\/wp-json\/wp\/v2\/media?parent=2200"}],"curies":[{"name":"wp","href":"https:\/\/api.w.org\/{rel}","templated":true}]}}