{"id":28,"date":"2014-11-12T23:11:20","date_gmt":"2014-11-12T22:11:20","guid":{"rendered":"http:\/\/sprich-mit.com\/?page_id=28"},"modified":"2025-03-20T09:43:46","modified_gmt":"2025-03-20T08:43:46","slug":"live-and-work-in-germany-happily","status":"publish","type":"page","link":"https:\/\/sprich-mit.com\/de\/","title":{"rendered":"Gl\u00fccklich in Deutschland leben und arbeiten?"},"content":{"rendered":"<p><a href=\"https:\/\/sprich-mit.com\/wp-content\/uploads\/2024\/03\/woman-4702060_1280.jpg\"><img loading=\"lazy\" decoding=\"async\" class=\"alignnone wp-image-2068\" src=\"https:\/\/sprich-mit.com\/wp-content\/uploads\/2024\/03\/woman-4702060_1280-300x200.jpg\" alt=\"\" width=\"167\" height=\"111\" srcset=\"https:\/\/sprich-mit.com\/wp-content\/uploads\/2024\/03\/woman-4702060_1280-300x200.jpg 300w, https:\/\/sprich-mit.com\/wp-content\/uploads\/2024\/03\/woman-4702060_1280-1024x683.jpg 1024w, https:\/\/sprich-mit.com\/wp-content\/uploads\/2024\/03\/woman-4702060_1280-768x512.jpg 768w, https:\/\/sprich-mit.com\/wp-content\/uploads\/2024\/03\/woman-4702060_1280-18x12.jpg 18w, https:\/\/sprich-mit.com\/wp-content\/uploads\/2024\/03\/woman-4702060_1280.jpg 1280w\" sizes=\"auto, (max-width: 167px) 100vw, 167px\" \/><\/a><a href=\"https:\/\/sprich-mit.com\/wp-content\/uploads\/2024\/03\/phone-81677_1280-1.jpg\"><img loading=\"lazy\" decoding=\"async\" class=\"alignnone wp-image-2065\" src=\"https:\/\/sprich-mit.com\/wp-content\/uploads\/2024\/03\/phone-81677_1280-1-300x200.jpg\" alt=\"\" width=\"167\" height=\"111\" srcset=\"https:\/\/sprich-mit.com\/wp-content\/uploads\/2024\/03\/phone-81677_1280-1-300x200.jpg 300w, https:\/\/sprich-mit.com\/wp-content\/uploads\/2024\/03\/phone-81677_1280-1-1024x683.jpg 1024w, https:\/\/sprich-mit.com\/wp-content\/uploads\/2024\/03\/phone-81677_1280-1-768x512.jpg 768w, https:\/\/sprich-mit.com\/wp-content\/uploads\/2024\/03\/phone-81677_1280-1-18x12.jpg 18w, https:\/\/sprich-mit.com\/wp-content\/uploads\/2024\/03\/phone-81677_1280-1.jpg 1280w\" sizes=\"auto, (max-width: 167px) 100vw, 167px\" \/><\/a><a href=\"https:\/\/sprich-mit.com\/wp-content\/uploads\/2024\/03\/pexels-andrea-piacquadio-3786760-scaled.jpg\"><img loading=\"lazy\" decoding=\"async\" class=\"alignnone wp-image-2078\" src=\"https:\/\/sprich-mit.com\/wp-content\/uploads\/2024\/03\/pexels-andrea-piacquadio-3786760-300x187.jpg\" alt=\"\" width=\"178\" height=\"111\" srcset=\"https:\/\/sprich-mit.com\/wp-content\/uploads\/2024\/03\/pexels-andrea-piacquadio-3786760-300x187.jpg 300w, https:\/\/sprich-mit.com\/wp-content\/uploads\/2024\/03\/pexels-andrea-piacquadio-3786760-1024x640.jpg 1024w, https:\/\/sprich-mit.com\/wp-content\/uploads\/2024\/03\/pexels-andrea-piacquadio-3786760-768x480.jpg 768w, https:\/\/sprich-mit.com\/wp-content\/uploads\/2024\/03\/pexels-andrea-piacquadio-3786760-1536x960.jpg 1536w, https:\/\/sprich-mit.com\/wp-content\/uploads\/2024\/03\/pexels-andrea-piacquadio-3786760-2048x1280.jpg 2048w, https:\/\/sprich-mit.com\/wp-content\/uploads\/2024\/03\/pexels-andrea-piacquadio-3786760-18x12.jpg 18w\" sizes=\"auto, (max-width: 178px) 100vw, 178px\" \/><\/a><a href=\"https:\/\/sprich-mit.com\/wp-content\/uploads\/2024\/03\/pexels-pavel-danilyuk-8761515-1-scaled.jpg\"><img loading=\"lazy\" decoding=\"async\" class=\"alignnone wp-image-2062\" src=\"https:\/\/sprich-mit.com\/wp-content\/uploads\/2024\/03\/pexels-pavel-danilyuk-8761515-1-300x200.jpg\" alt=\"\" width=\"167\" height=\"111\" srcset=\"https:\/\/sprich-mit.com\/wp-content\/uploads\/2024\/03\/pexels-pavel-danilyuk-8761515-1-300x200.jpg 300w, https:\/\/sprich-mit.com\/wp-content\/uploads\/2024\/03\/pexels-pavel-danilyuk-8761515-1-1024x684.jpg 1024w, https:\/\/sprich-mit.com\/wp-content\/uploads\/2024\/03\/pexels-pavel-danilyuk-8761515-1-768x513.jpg 768w, https:\/\/sprich-mit.com\/wp-content\/uploads\/2024\/03\/pexels-pavel-danilyuk-8761515-1-1536x1025.jpg 1536w, https:\/\/sprich-mit.com\/wp-content\/uploads\/2024\/03\/pexels-pavel-danilyuk-8761515-1-2048x1367.jpg 2048w, https:\/\/sprich-mit.com\/wp-content\/uploads\/2024\/03\/pexels-pavel-danilyuk-8761515-1-18x12.jpg 18w\" sizes=\"auto, (max-width: 167px) 100vw, 167px\" \/><\/a><\/p>\n<p>Ja, unbedingt!<\/p>\n<p>Willkommen in der deutschsprachigen Welt! Es muss ein Abenteuer mit einer Menge kultureller Entdeckungen f\u00fcr dich sein. In den letzten 18 Jahren habe ich mit Menschen gearbeitet, die gerade erst in Deutschland angekommen waren und f\u00fcr die das Leben hier ganz anders als in ihren Heimatl\u00e4ndern war und sich manchmal komisch anf\u00fchlte, <a href=\"https:\/\/sprich-mit.com\/de\/life-in-germany\/\">wie sie mir erz\u00e4hlt haben<\/a>!<\/p>\n<p>Sprichmit bietet Deutsch-Einzelkurse f\u00fcr Unternehmen, Institutionen und Privatpersonen an. Durch die Kurse wirst du Schritt f\u00fcr Schritt<\/p>\n<p>+ die deutsche Sprache sprechen und verstehen<br \/>\n+ ein besseres Verst\u00e4ndnis der deutschen Kultur, des Alltagslebens und Arbeitslebens bekommen<br \/>\n+ dich bereit f\u00fcr eine Deutschpr\u00fcfung f\u00fchlen (z. B. Goethe-Zertifikat oder Telc)<\/p>\n<p>Schau dir gerne die <a href=\"https:\/\/sprich-mit.com\/de\/german-individual-courses\/\">Beschreibung f\u00fcr meine Einzelkurse<\/a> und <a href=\"https:\/\/sprich-mit.com\/de\/feedback-customers\/\">die R\u00fcckmeldungen von Kunden an<\/a>.<\/p>\n<p>What would you like to learn and be able to say, write and do in German language? Schedule your free consultation video call via email to martina@sprich-mit.com with your availability.<\/p>\n<p>Ich freue mich auf unsere gemeinsame Arbeit.<\/p>\n<p>Martina<\/p>\n<p><a href=\"https:\/\/sprich-mit.com\/wp-content\/uploads\/2020\/03\/Yamatogawa-Treppe-5.jpg\"><img loading=\"lazy\" decoding=\"async\" class=\"alignnone wp-image-1129\" src=\"https:\/\/sprich-mit.com\/wp-content\/uploads\/2020\/03\/Yamatogawa-Treppe-5-235x300.jpg\" alt=\"\" width=\"120\" height=\"153\" srcset=\"https:\/\/sprich-mit.com\/wp-content\/uploads\/2020\/03\/Yamatogawa-Treppe-5-235x300.jpg 235w, https:\/\/sprich-mit.com\/wp-content\/uploads\/2020\/03\/Yamatogawa-Treppe-5-801x1024.jpg 801w, https:\/\/sprich-mit.com\/wp-content\/uploads\/2020\/03\/Yamatogawa-Treppe-5-768x982.jpg 768w, https:\/\/sprich-mit.com\/wp-content\/uploads\/2020\/03\/Yamatogawa-Treppe-5-1201x1536.jpg 1201w, https:\/\/sprich-mit.com\/wp-content\/uploads\/2020\/03\/Yamatogawa-Treppe-5-1601x2048.jpg 1601w, https:\/\/sprich-mit.com\/wp-content\/uploads\/2020\/03\/Yamatogawa-Treppe-5.jpg 1603w\" sizes=\"auto, (max-width: 120px) 100vw, 120px\" \/><\/a><\/p>\n<p>&nbsp;<\/p>\n<p><strong>\u00a0<\/strong><\/p>","protected":false},"excerpt":{"rendered":"<p>Yes, please! Welcome to the German-speaking world! It must be an adventure with lots of cultural discoveries for you. In the last years I met and worked with people who had just landed in Germany and to whom life here was really different to life in their home countries and sometimes felt strange as they &#8230; <a title=\"Live and work in Germany &#8211; happily?\" class=\"read-more\" href=\"https:\/\/sprich-mit.com\/de\/\" aria-label=\"Mehr Informationen \u00fcber Live and work in Germany &#8211; happily?\">Weiterlesen<\/a><\/p>","protected":false},"author":1,"featured_media":0,"parent":0,"menu_order":0,"comment_status":"closed","ping_status":"closed","template":"","meta":{"footnotes":""},"class_list":["post-28","page","type-page","status-publish"],"yoast_head":"<!-- This site is optimized with the Yoast SEO plugin v25.9 - https:\/\/yoast.com\/wordpress\/plugins\/seo\/ -->\n<title>German individual course<\/title>\n<meta name=\"description\" content=\"German individual course and exam preparation for Goethe Zertifikat B1 to C2 and other certificates - Deutsch-Einzelunterricht tailor-made\" \/>\n<meta name=\"robots\" content=\"index, follow, max-snippet:-1, max-image-preview:large, max-video-preview:-1\" \/>\n<link rel=\"canonical\" href=\"https:\/\/sprich-mit.com\/de\/\" \/>\n<meta property=\"og:locale\" content=\"de_DE\" \/>\n<meta property=\"og:type\" content=\"article\" \/>\n<meta property=\"og:title\" content=\"German individual course\" \/>\n<meta property=\"og:description\" content=\"German individual course and exam preparation for Goethe Zertifikat B1 to C2 and other certificates - Deutsch-Einzelunterricht tailor-made\" \/>\n<meta property=\"og:url\" content=\"https:\/\/sprich-mit.com\/de\/\" \/>\n<meta property=\"article:modified_time\" content=\"2025-03-20T08:43:46+00:00\" \/>\n<meta property=\"og:image\" content=\"https:\/\/sprich-mit.com\/wp-content\/uploads\/2024\/03\/woman-4702060_1280.jpg\" \/>\n\t<meta property=\"og:image:width\" content=\"1280\" \/>\n\t<meta property=\"og:image:height\" content=\"854\" \/>\n\t<meta property=\"og:image:type\" content=\"image\/jpeg\" \/>\n<meta name=\"twitter:label1\" content=\"Gesch\u00e4tzte Lesezeit\" \/>\n\t<meta name=\"twitter:data1\" content=\"2\u00a0Minuten\" \/>\n<script type=\"application\/ld+json\" class=\"yoast-schema-graph\">{\"@context\":\"https:\/\/schema.org\",\"@graph\":[{\"@type\":\"WebPage\",\"@id\":\"https:\/\/sprich-mit.com\/\",\"url\":\"https:\/\/sprich-mit.com\/\",\"name\":\"German individual course\",\"isPartOf\":{\"@id\":\"https:\/\/sprich-mit.com\/#website\"},\"primaryImageOfPage\":{\"@id\":\"https:\/\/sprich-mit.com\/#primaryimage\"},\"image\":{\"@id\":\"https:\/\/sprich-mit.com\/#primaryimage\"},\"thumbnailUrl\":\"https:\/\/sprich-mit.com\/wp-content\/uploads\/2024\/03\/woman-4702060_1280-300x200.jpg\",\"datePublished\":\"2014-11-12T22:11:20+00:00\",\"dateModified\":\"2025-03-20T08:43:46+00:00\",\"description\":\"German individual course and exam preparation for Goethe Zertifikat B1 to C2 and other certificates - Deutsch-Einzelunterricht tailor-made\",\"breadcrumb\":{\"@id\":\"https:\/\/sprich-mit.com\/#breadcrumb\"},\"inLanguage\":\"de\",\"potentialAction\":[{\"@type\":\"ReadAction\",\"target\":[\"https:\/\/sprich-mit.com\/\"]}]},{\"@type\":\"ImageObject\",\"inLanguage\":\"de\",\"@id\":\"https:\/\/sprich-mit.com\/#primaryimage\",\"url\":\"https:\/\/sprich-mit.com\/wp-content\/uploads\/2024\/03\/woman-4702060_1280-300x200.jpg\",\"contentUrl\":\"https:\/\/sprich-mit.com\/wp-content\/uploads\/2024\/03\/woman-4702060_1280-300x200.jpg\"},{\"@type\":\"BreadcrumbList\",\"@id\":\"https:\/\/sprich-mit.com\/#breadcrumb\",\"itemListElement\":[{\"@type\":\"ListItem\",\"position\":1,\"name\":\"Home\",\"item\":\"https:\/\/sprich-mit.com\/\"},{\"@type\":\"ListItem\",\"position\":2,\"name\":\"Live and work in Germany &#8211; happily?\"}]},{\"@type\":\"WebSite\",\"@id\":\"https:\/\/sprich-mit.com\/#website\",\"url\":\"https:\/\/sprich-mit.com\/\",\"name\":\"\",\"description\":\"\",\"potentialAction\":[{\"@type\":\"SearchAction\",\"target\":{\"@type\":\"EntryPoint\",\"urlTemplate\":\"https:\/\/sprich-mit.com\/?s={search_term_string}\"},\"query-input\":{\"@type\":\"PropertyValueSpecification\",\"valueRequired\":true,\"valueName\":\"search_term_string\"}}],\"inLanguage\":\"de\"}]}<\/script>\n<!-- \/ Yoast SEO plugin. -->","yoast_head_json":{"title":"German individual course","description":"German individual course and exam preparation for Goethe Zertifikat B1 to C2 and other certificates - Deutsch-Einzelunterricht tailor-made","robots":{"index":"index","follow":"follow","max-snippet":"max-snippet:-1","max-image-preview":"max-image-preview:large","max-video-preview":"max-video-preview:-1"},"canonical":"https:\/\/sprich-mit.com\/de\/","og_locale":"de_DE","og_type":"article","og_title":"German individual course","og_description":"German individual course and exam preparation for Goethe Zertifikat B1 to C2 and other certificates - Deutsch-Einzelunterricht tailor-made","og_url":"https:\/\/sprich-mit.com\/de\/","article_modified_time":"2025-03-20T08:43:46+00:00","og_image":[{"width":1280,"height":854,"url":"https:\/\/sprich-mit.com\/wp-content\/uploads\/2024\/03\/woman-4702060_1280.jpg","type":"image\/jpeg"}],"twitter_misc":{"Gesch\u00e4tzte Lesezeit":"2\u00a0Minuten"},"schema":{"@context":"https:\/\/schema.org","@graph":[{"@type":"WebPage","@id":"https:\/\/sprich-mit.com\/","url":"https:\/\/sprich-mit.com\/","name":"German individual course","isPartOf":{"@id":"https:\/\/sprich-mit.com\/#website"},"primaryImageOfPage":{"@id":"https:\/\/sprich-mit.com\/#primaryimage"},"image":{"@id":"https:\/\/sprich-mit.com\/#primaryimage"},"thumbnailUrl":"https:\/\/sprich-mit.com\/wp-content\/uploads\/2024\/03\/woman-4702060_1280-300x200.jpg","datePublished":"2014-11-12T22:11:20+00:00","dateModified":"2025-03-20T08:43:46+00:00","description":"German individual course and exam preparation for Goethe Zertifikat B1 to C2 and other certificates - Deutsch-Einzelunterricht tailor-made","breadcrumb":{"@id":"https:\/\/sprich-mit.com\/#breadcrumb"},"inLanguage":"de","potentialAction":[{"@type":"ReadAction","target":["https:\/\/sprich-mit.com\/"]}]},{"@type":"ImageObject","inLanguage":"de","@id":"https:\/\/sprich-mit.com\/#primaryimage","url":"https:\/\/sprich-mit.com\/wp-content\/uploads\/2024\/03\/woman-4702060_1280-300x200.jpg","contentUrl":"https:\/\/sprich-mit.com\/wp-content\/uploads\/2024\/03\/woman-4702060_1280-300x200.jpg"},{"@type":"BreadcrumbList","@id":"https:\/\/sprich-mit.com\/#breadcrumb","itemListElement":[{"@type":"ListItem","position":1,"name":"Home","item":"https:\/\/sprich-mit.com\/"},{"@type":"ListItem","position":2,"name":"Live and work in Germany &#8211; happily?"}]},{"@type":"WebSite","@id":"https:\/\/sprich-mit.com\/#website","url":"https:\/\/sprich-mit.com\/","name":"","description":"","potentialAction":[{"@type":"SearchAction","target":{"@type":"EntryPoint","urlTemplate":"https:\/\/sprich-mit.com\/?s={search_term_string}"},"query-input":{"@type":"PropertyValueSpecification","valueRequired":true,"valueName":"search_term_string"}}],"inLanguage":"de"}]}},"jetpack_shortlink":"https:\/\/wp.me\/P5kQLI-s","jetpack_sharing_enabled":true,"_links":{"self":[{"href":"https:\/\/sprich-mit.com\/de\/wp-json\/wp\/v2\/pages\/28","targetHints":{"allow":["GET"]}}],"collection":[{"href":"https:\/\/sprich-mit.com\/de\/wp-json\/wp\/v2\/pages"}],"about":[{"href":"https:\/\/sprich-mit.com\/de\/wp-json\/wp\/v2\/types\/page"}],"author":[{"embeddable":true,"href":"https:\/\/sprich-mit.com\/de\/wp-json\/wp\/v2\/users\/1"}],"replies":[{"embeddable":true,"href":"https:\/\/sprich-mit.com\/de\/wp-json\/wp\/v2\/comments?post=28"}],"version-history":[{"count":69,"href":"https:\/\/sprich-mit.com\/de\/wp-json\/wp\/v2\/pages\/28\/revisions"}],"predecessor-version":[{"id":2354,"href":"https:\/\/sprich-mit.com\/de\/wp-json\/wp\/v2\/pages\/28\/revisions\/2354"}],"wp:attachment":[{"href":"https:\/\/sprich-mit.com\/de\/wp-json\/wp\/v2\/media?parent=28"}],"curies":[{"name":"wp","href":"https:\/\/api.w.org\/{rel}","templated":true}]}}