{"id":318,"date":"2015-04-24T17:09:12","date_gmt":"2015-04-24T15:09:12","guid":{"rendered":"http:\/\/sprich-mit.com\/?page_id=318"},"modified":"2021-01-29T12:53:07","modified_gmt":"2021-01-29T11:53:07","slug":"and-germans","status":"publish","type":"page","link":"https:\/\/sprich-mit.com\/de\/and-germans\/","title":{"rendered":"Und Deutsche?"},"content":{"rendered":"<p><strong>What do Germans miss from Germany\u00a0when they are abroad? Potatoes? Bread? German Pastors? Punctuality? I asked them.<\/strong><\/p>\n<p><a href=\"http:\/\/sprich-mit.com\/wp-content\/uploads\/2015\/04\/IMG_20150424_173151.jpg\"><img loading=\"lazy\" decoding=\"async\" class=\"alignnone size-medium wp-image-328\" src=\"http:\/\/sprich-mit.com\/wp-content\/uploads\/2015\/04\/IMG_20150424_173151-300x225.jpg\" alt=\"IMG_20150424_173151\" width=\"300\" height=\"225\" srcset=\"https:\/\/sprich-mit.com\/wp-content\/uploads\/2015\/04\/IMG_20150424_173151-300x225.jpg 300w, https:\/\/sprich-mit.com\/wp-content\/uploads\/2015\/04\/IMG_20150424_173151-1024x768.jpg 1024w, https:\/\/sprich-mit.com\/wp-content\/uploads\/2015\/04\/IMG_20150424_173151.jpg 1280w\" sizes=\"auto, (max-width: 300px) 100vw, 300px\" \/><\/a><em>Current Number 1: Brot.<\/em><strong><br \/>\n<\/strong><\/p>\n<p><strong><br \/>\nMeike:<\/strong><br \/>\nVollkornbrot, relative P\u00fcnktlichkeit der Deutschen Bahn und ihr Komfort, Sicherheitsgef\u00fchl und bequeme Matratzen.<br \/>\n<em>Wholemeal bread, relative punctuality of Deutsche Bahn (German railways), feeling of safety and comfortable mattresses.<\/em><\/p>\n<p><strong>Theresa:<\/strong><br \/>\nVollkornbrot, Picknicken im Park, \u00fcberall mit dem Fahrrad hinfahren und mich sicher zu f\u00fchlen.<br \/>\n<em>Wholemeal bread, having a picknick in the park, going everywhere by bike and feeling safe.<\/em><\/p>\n<p><strong>Marco:<\/strong><br \/>\n<span data-reactid=\".2.1:3:1:$comment764034550377739_764044933710034:0.0.$right.0.$left.0.0.1\"><span data-reactid=\".2.1:3:1:$comment764034550377739_764044933710034:0.0.$right.0.$left.0.0.1.$comment-body\" data-ft=\"{&quot;tn&quot;:&quot;K&quot;}\"><span class=\"UFICommentBody\" data-reactid=\".2.1:3:1:$comment764034550377739_764044933710034:0.0.$right.0.$left.0.0.1.$comment-body.0\"><span data-reactid=\".2.1:3:1:$comment764034550377739_764044933710034:0.0.$right.0.$left.0.0.1.$comment-body.0.$end:0:$0:0\">Meistens nur richtige, gek\u00fchlte Schokolade, die vorher nicht schon 4x geschmolzen war<\/span><\/span><\/span><\/span>.<br \/>\n<em>Usually only real, cooled chocolate, that hadn&#8217;t been melt four times yet.<\/em><\/p>\n<p><strong>Dirk<em>:<br \/>\n<\/em><\/strong>Ich vermisse auch gutes Brot. Also dunkle Brotsorten mit etwas N\u00e4hrwert. Es kommt nat\u00fcrlich etwas auf das Land an, in dem man sich befindet. Je nach Kultur vermisse ich mitunter auch Milchprodukte.<em><br \/>\nI also miss good bread. Dark types of bread with with some nutritional value. Of course it depends on the country you are. Depending on the culture I sometimes also miss dairy products.<br \/>\n<\/em><\/p>\n<p><strong>Dominik:<\/strong><br \/>\nDefinitiv Brot und Br\u00f6tchen, aber auch die typisch deutsche P\u00fcnktlichkeit, und in gastronomischen Einrichtungen vermisse ich manchmal die deutschen Hygienevorschriften.<br \/>\n<em>Definitely bread and rolls, but also the typical German punctuality and in dining facilities I sometimes miss the German hygiene rules.<\/em><\/p>\n<p><strong>Martina:<\/strong><br \/>\nIn\u00a0Japan vermisse ich das Brot aus Deutschland und die vielen Kartoffelgerichte. Au\u00dferdem sind Butter und Milchprodukte recht teuer.\u00a0Und vermisse ich die t\u00fcrkischen Spezialit\u00e4ten an jeder Ecke (sehr deutsch, ich wei\u00df!).<br \/>\n<em>In Japan I miss the German bread and the many potato dishes. Besides, butter and dairy products are quite expensive.\u00a0And I miss the Turkish specialties in every Corner (very German, I know!).<\/em><\/p>","protected":false},"excerpt":{"rendered":"<p>What do Germans miss from Germany\u00a0when they are abroad? Potatoes? Bread? German Pastors? Punctuality? I asked them. Current Number 1: Brot. Meike: Vollkornbrot, relative P\u00fcnktlichkeit der Deutschen Bahn und ihr Komfort, Sicherheitsgef\u00fchl und bequeme Matratzen. Wholemeal bread, relative punctuality of Deutsche Bahn (German railways), feeling of safety and comfortable mattresses. Theresa: Vollkornbrot, Picknicken im Park, &#8230; <a title=\"Und Deutsche?\" class=\"read-more\" href=\"https:\/\/sprich-mit.com\/de\/and-germans\/\" aria-label=\"Mehr Informationen \u00fcber And Germans?\">Weiterlesen<\/a><\/p>","protected":false},"author":1,"featured_media":0,"parent":0,"menu_order":0,"comment_status":"closed","ping_status":"open","template":"","meta":{"footnotes":""},"class_list":["post-318","page","type-page","status-publish"],"yoast_head":"<!-- This site is optimized with the Yoast SEO plugin v25.9 - https:\/\/yoast.com\/wordpress\/plugins\/seo\/ -->\n<title>And Germans? -<\/title>\n<meta name=\"robots\" content=\"index, follow, max-snippet:-1, max-image-preview:large, max-video-preview:-1\" \/>\n<link rel=\"canonical\" href=\"https:\/\/sprich-mit.com\/de\/and-germans\/\" \/>\n<meta property=\"og:locale\" content=\"de_DE\" \/>\n<meta property=\"og:type\" content=\"article\" \/>\n<meta property=\"og:title\" content=\"And Germans? -\" \/>\n<meta property=\"og:description\" content=\"What do Germans miss from Germany\u00a0when they are abroad? Potatoes? Bread? German Pastors? Punctuality? I asked them. Current Number 1: Brot. Meike: Vollkornbrot, relative P\u00fcnktlichkeit der Deutschen Bahn und ihr Komfort, Sicherheitsgef\u00fchl und bequeme Matratzen. Wholemeal bread, relative punctuality of Deutsche Bahn (German railways), feeling of safety and comfortable mattresses. Theresa: Vollkornbrot, Picknicken im Park, ... Weiterlesen\" \/>\n<meta property=\"og:url\" content=\"https:\/\/sprich-mit.com\/de\/and-germans\/\" \/>\n<meta property=\"article:modified_time\" content=\"2021-01-29T11:53:07+00:00\" \/>\n<meta property=\"og:image\" content=\"http:\/\/sprich-mit.com\/wp-content\/uploads\/2015\/04\/IMG_20150424_173151-300x225.jpg\" \/>\n<meta name=\"twitter:label1\" content=\"Gesch\u00e4tzte Lesezeit\" \/>\n\t<meta name=\"twitter:data1\" content=\"2\u00a0Minuten\" \/>\n<script type=\"application\/ld+json\" class=\"yoast-schema-graph\">{\"@context\":\"https:\/\/schema.org\",\"@graph\":[{\"@type\":\"WebPage\",\"@id\":\"https:\/\/sprich-mit.com\/and-germans\/\",\"url\":\"https:\/\/sprich-mit.com\/and-germans\/\",\"name\":\"And Germans? -\",\"isPartOf\":{\"@id\":\"https:\/\/sprich-mit.com\/#website\"},\"primaryImageOfPage\":{\"@id\":\"https:\/\/sprich-mit.com\/and-germans\/#primaryimage\"},\"image\":{\"@id\":\"https:\/\/sprich-mit.com\/and-germans\/#primaryimage\"},\"thumbnailUrl\":\"http:\/\/sprich-mit.com\/wp-content\/uploads\/2015\/04\/IMG_20150424_173151-300x225.jpg\",\"datePublished\":\"2015-04-24T15:09:12+00:00\",\"dateModified\":\"2021-01-29T11:53:07+00:00\",\"breadcrumb\":{\"@id\":\"https:\/\/sprich-mit.com\/and-germans\/#breadcrumb\"},\"inLanguage\":\"de\",\"potentialAction\":[{\"@type\":\"ReadAction\",\"target\":[\"https:\/\/sprich-mit.com\/and-germans\/\"]}]},{\"@type\":\"ImageObject\",\"inLanguage\":\"de\",\"@id\":\"https:\/\/sprich-mit.com\/and-germans\/#primaryimage\",\"url\":\"http:\/\/sprich-mit.com\/wp-content\/uploads\/2015\/04\/IMG_20150424_173151-300x225.jpg\",\"contentUrl\":\"http:\/\/sprich-mit.com\/wp-content\/uploads\/2015\/04\/IMG_20150424_173151-300x225.jpg\"},{\"@type\":\"BreadcrumbList\",\"@id\":\"https:\/\/sprich-mit.com\/and-germans\/#breadcrumb\",\"itemListElement\":[{\"@type\":\"ListItem\",\"position\":1,\"name\":\"Home\",\"item\":\"https:\/\/sprich-mit.com\/\"},{\"@type\":\"ListItem\",\"position\":2,\"name\":\"And Germans?\"}]},{\"@type\":\"WebSite\",\"@id\":\"https:\/\/sprich-mit.com\/#website\",\"url\":\"https:\/\/sprich-mit.com\/\",\"name\":\"\",\"description\":\"\",\"potentialAction\":[{\"@type\":\"SearchAction\",\"target\":{\"@type\":\"EntryPoint\",\"urlTemplate\":\"https:\/\/sprich-mit.com\/?s={search_term_string}\"},\"query-input\":{\"@type\":\"PropertyValueSpecification\",\"valueRequired\":true,\"valueName\":\"search_term_string\"}}],\"inLanguage\":\"de\"}]}<\/script>\n<!-- \/ Yoast SEO plugin. -->","yoast_head_json":{"title":"And Germans? -","robots":{"index":"index","follow":"follow","max-snippet":"max-snippet:-1","max-image-preview":"max-image-preview:large","max-video-preview":"max-video-preview:-1"},"canonical":"https:\/\/sprich-mit.com\/de\/and-germans\/","og_locale":"de_DE","og_type":"article","og_title":"And Germans? -","og_description":"What do Germans miss from Germany\u00a0when they are abroad? Potatoes? Bread? German Pastors? Punctuality? I asked them. Current Number 1: Brot. Meike: Vollkornbrot, relative P\u00fcnktlichkeit der Deutschen Bahn und ihr Komfort, Sicherheitsgef\u00fchl und bequeme Matratzen. Wholemeal bread, relative punctuality of Deutsche Bahn (German railways), feeling of safety and comfortable mattresses. Theresa: Vollkornbrot, Picknicken im Park, ... Weiterlesen","og_url":"https:\/\/sprich-mit.com\/de\/and-germans\/","article_modified_time":"2021-01-29T11:53:07+00:00","og_image":[{"url":"http:\/\/sprich-mit.com\/wp-content\/uploads\/2015\/04\/IMG_20150424_173151-300x225.jpg","type":"","width":"","height":""}],"twitter_misc":{"Gesch\u00e4tzte Lesezeit":"2\u00a0Minuten"},"schema":{"@context":"https:\/\/schema.org","@graph":[{"@type":"WebPage","@id":"https:\/\/sprich-mit.com\/and-germans\/","url":"https:\/\/sprich-mit.com\/and-germans\/","name":"And Germans? -","isPartOf":{"@id":"https:\/\/sprich-mit.com\/#website"},"primaryImageOfPage":{"@id":"https:\/\/sprich-mit.com\/and-germans\/#primaryimage"},"image":{"@id":"https:\/\/sprich-mit.com\/and-germans\/#primaryimage"},"thumbnailUrl":"http:\/\/sprich-mit.com\/wp-content\/uploads\/2015\/04\/IMG_20150424_173151-300x225.jpg","datePublished":"2015-04-24T15:09:12+00:00","dateModified":"2021-01-29T11:53:07+00:00","breadcrumb":{"@id":"https:\/\/sprich-mit.com\/and-germans\/#breadcrumb"},"inLanguage":"de","potentialAction":[{"@type":"ReadAction","target":["https:\/\/sprich-mit.com\/and-germans\/"]}]},{"@type":"ImageObject","inLanguage":"de","@id":"https:\/\/sprich-mit.com\/and-germans\/#primaryimage","url":"http:\/\/sprich-mit.com\/wp-content\/uploads\/2015\/04\/IMG_20150424_173151-300x225.jpg","contentUrl":"http:\/\/sprich-mit.com\/wp-content\/uploads\/2015\/04\/IMG_20150424_173151-300x225.jpg"},{"@type":"BreadcrumbList","@id":"https:\/\/sprich-mit.com\/and-germans\/#breadcrumb","itemListElement":[{"@type":"ListItem","position":1,"name":"Home","item":"https:\/\/sprich-mit.com\/"},{"@type":"ListItem","position":2,"name":"And Germans?"}]},{"@type":"WebSite","@id":"https:\/\/sprich-mit.com\/#website","url":"https:\/\/sprich-mit.com\/","name":"","description":"","potentialAction":[{"@type":"SearchAction","target":{"@type":"EntryPoint","urlTemplate":"https:\/\/sprich-mit.com\/?s={search_term_string}"},"query-input":{"@type":"PropertyValueSpecification","valueRequired":true,"valueName":"search_term_string"}}],"inLanguage":"de"}]}},"jetpack_shortlink":"https:\/\/wp.me\/P5kQLI-58","jetpack_sharing_enabled":true,"_links":{"self":[{"href":"https:\/\/sprich-mit.com\/de\/wp-json\/wp\/v2\/pages\/318","targetHints":{"allow":["GET"]}}],"collection":[{"href":"https:\/\/sprich-mit.com\/de\/wp-json\/wp\/v2\/pages"}],"about":[{"href":"https:\/\/sprich-mit.com\/de\/wp-json\/wp\/v2\/types\/page"}],"author":[{"embeddable":true,"href":"https:\/\/sprich-mit.com\/de\/wp-json\/wp\/v2\/users\/1"}],"replies":[{"embeddable":true,"href":"https:\/\/sprich-mit.com\/de\/wp-json\/wp\/v2\/comments?post=318"}],"version-history":[{"count":16,"href":"https:\/\/sprich-mit.com\/de\/wp-json\/wp\/v2\/pages\/318\/revisions"}],"predecessor-version":[{"id":1606,"href":"https:\/\/sprich-mit.com\/de\/wp-json\/wp\/v2\/pages\/318\/revisions\/1606"}],"wp:attachment":[{"href":"https:\/\/sprich-mit.com\/de\/wp-json\/wp\/v2\/media?parent=318"}],"curies":[{"name":"wp","href":"https:\/\/api.w.org\/{rel}","templated":true}]}}